{"id":114,"date":"2014-02-23T20:26:18","date_gmt":"2014-02-23T18:26:18","guid":{"rendered":"http:\/\/praxis-neues-leben.de\/wordpress\/?page_id=114"},"modified":"2026-02-04T14:01:40","modified_gmt":"2026-02-04T12:01:40","slug":"wissenswertes","status":"publish","type":"page","link":"https:\/\/praxis-neues-leben.de\/?page_id=114","title":{"rendered":"Wissenswertes"},"content":{"rendered":"<h2><\/h2>\n<h1><span style=\"font-family: Arial,sans-serif;\"><b>Schweigepflicht<\/b><\/span><\/h1>\n<p><span style=\"font-family: Arial,sans-serif;\">Als Psychotherapeutischer Heilpraktiker und christlicher Seelsorger unterliege ich selbstverst\u00e4ndlich der gesetzlichen Schweigepflicht. Entsprechend besteht das Verweigerungsrecht der Auskunftserteilung gegen\u00fcber Dritten. F\u00fcr eine Auskunftserteilung gegen\u00fcber Dritten ben\u00f6tige ich in jedem Fall Ihr Einverst\u00e4ndnis<\/span><\/p>\n","protected":false},"excerpt":{"rendered":"<p>Schweigepflicht Als Psychotherapeutischer Heilpraktiker und christlicher Seelsorger unterliege ich selbstverst\u00e4ndlich der gesetzlichen Schweigepflicht. Entsprechend besteht das Verweigerungsrecht der Auskunftserteilung gegen\u00fcber Dritten. F\u00fcr eine Auskunftserteilung gegen\u00fcber Dritten ben\u00f6tige ich in jedem Fall Ihr Einverst\u00e4ndnis<\/p>\n","protected":false},"author":1,"featured_media":0,"parent":0,"menu_order":0,"comment_status":"closed","ping_status":"closed","template":"","meta":[],"yoast_head":"<!-- This site is optimized with the Yoast SEO plugin v18.2 - https:\/\/yoast.com\/wordpress\/plugins\/seo\/ -->\n<meta name=\"robots\" content=\"index, follow, max-snippet:-1, max-image-preview:large, max-video-preview:-1\" \/>\n<link rel=\"canonical\" href=\"http:\/\/praxis-neues-leben.de\/?page_id=114\" \/>\n<meta property=\"og:locale\" content=\"de_DE\" \/>\n<meta property=\"og:type\" content=\"article\" \/>\n<meta property=\"og:title\" content=\"Wissenswertes - Praxis Neues Leben - Psychologische Beratung und Seelsorge\" \/>\n<meta property=\"og:description\" content=\"Schweigepflicht Als Psychotherapeutischer Heilpraktiker und christlicher Seelsorger unterliege ich selbstverst\u00e4ndlich der gesetzlichen Schweigepflicht. Entsprechend besteht das Verweigerungsrecht der Auskunftserteilung gegen\u00fcber Dritten. F\u00fcr eine Auskunftserteilung gegen\u00fcber Dritten ben\u00f6tige ich in jedem Fall Ihr Einverst\u00e4ndnis\" \/>\n<meta property=\"og:url\" content=\"http:\/\/praxis-neues-leben.de\/?page_id=114\" \/>\n<meta property=\"og:site_name\" content=\"Praxis Neues Leben - Psychologische Beratung und Seelsorge\" \/>\n<meta property=\"article:modified_time\" content=\"2026-02-04T12:01:40+00:00\" \/>\n<meta name=\"twitter:card\" content=\"summary_large_image\" \/>\n<meta name=\"twitter:label1\" content=\"Gesch\u00e4tzte Lesezeit\" \/>\n\t<meta name=\"twitter:data1\" content=\"1\u00a0Minute\" \/>\n<script type=\"application\/ld+json\" class=\"yoast-schema-graph\">{\"@context\":\"https:\/\/schema.org\",\"@graph\":[{\"@type\":\"WebSite\",\"@id\":\"http:\/\/praxis-neues-leben.de\/#website\",\"url\":\"http:\/\/praxis-neues-leben.de\/\",\"name\":\"Praxis Neues Leben - Psychologische Beratung und Seelsorge\",\"description\":\"J\u00fcrgen Mayer - Heilpraktiker, beschr\u00e4nkt auf das Gebiet der Psychotherapie\",\"potentialAction\":[{\"@type\":\"SearchAction\",\"target\":{\"@type\":\"EntryPoint\",\"urlTemplate\":\"http:\/\/praxis-neues-leben.de\/?s={search_term_string}\"},\"query-input\":\"required name=search_term_string\"}],\"inLanguage\":\"de\"},{\"@type\":\"WebPage\",\"@id\":\"http:\/\/praxis-neues-leben.de\/?page_id=114#webpage\",\"url\":\"http:\/\/praxis-neues-leben.de\/?page_id=114\",\"name\":\"Wissenswertes - Praxis Neues Leben - Psychologische Beratung und Seelsorge\",\"isPartOf\":{\"@id\":\"http:\/\/praxis-neues-leben.de\/#website\"},\"datePublished\":\"2014-02-23T18:26:18+00:00\",\"dateModified\":\"2026-02-04T12:01:40+00:00\",\"breadcrumb\":{\"@id\":\"http:\/\/praxis-neues-leben.de\/?page_id=114#breadcrumb\"},\"inLanguage\":\"de\",\"potentialAction\":[{\"@type\":\"ReadAction\",\"target\":[\"http:\/\/praxis-neues-leben.de\/?page_id=114\"]}]},{\"@type\":\"BreadcrumbList\",\"@id\":\"http:\/\/praxis-neues-leben.de\/?page_id=114#breadcrumb\",\"itemListElement\":[{\"@type\":\"ListItem\",\"position\":1,\"name\":\"Startseite\",\"item\":\"http:\/\/praxis-neues-leben.de\/\"},{\"@type\":\"ListItem\",\"position\":2,\"name\":\"Wissenswertes\"}]}]}<\/script>\n<!-- \/ Yoast SEO plugin. -->","yoast_head_json":{"robots":{"index":"index","follow":"follow","max-snippet":"max-snippet:-1","max-image-preview":"max-image-preview:large","max-video-preview":"max-video-preview:-1"},"canonical":"http:\/\/praxis-neues-leben.de\/?page_id=114","og_locale":"de_DE","og_type":"article","og_title":"Wissenswertes - Praxis Neues Leben - Psychologische Beratung und Seelsorge","og_description":"Schweigepflicht Als Psychotherapeutischer Heilpraktiker und christlicher Seelsorger unterliege ich selbstverst\u00e4ndlich der gesetzlichen Schweigepflicht. Entsprechend besteht das Verweigerungsrecht der Auskunftserteilung gegen\u00fcber Dritten. F\u00fcr eine Auskunftserteilung gegen\u00fcber Dritten ben\u00f6tige ich in jedem Fall Ihr Einverst\u00e4ndnis","og_url":"http:\/\/praxis-neues-leben.de\/?page_id=114","og_site_name":"Praxis Neues Leben - Psychologische Beratung und Seelsorge","article_modified_time":"2026-02-04T12:01:40+00:00","twitter_card":"summary_large_image","twitter_misc":{"Gesch\u00e4tzte Lesezeit":"1\u00a0Minute"},"schema":{"@context":"https:\/\/schema.org","@graph":[{"@type":"WebSite","@id":"http:\/\/praxis-neues-leben.de\/#website","url":"http:\/\/praxis-neues-leben.de\/","name":"Praxis Neues Leben - Psychologische Beratung und Seelsorge","description":"J\u00fcrgen Mayer - Heilpraktiker, beschr\u00e4nkt auf das Gebiet der Psychotherapie","potentialAction":[{"@type":"SearchAction","target":{"@type":"EntryPoint","urlTemplate":"http:\/\/praxis-neues-leben.de\/?s={search_term_string}"},"query-input":"required name=search_term_string"}],"inLanguage":"de"},{"@type":"WebPage","@id":"http:\/\/praxis-neues-leben.de\/?page_id=114#webpage","url":"http:\/\/praxis-neues-leben.de\/?page_id=114","name":"Wissenswertes - Praxis Neues Leben - Psychologische Beratung und Seelsorge","isPartOf":{"@id":"http:\/\/praxis-neues-leben.de\/#website"},"datePublished":"2014-02-23T18:26:18+00:00","dateModified":"2026-02-04T12:01:40+00:00","breadcrumb":{"@id":"http:\/\/praxis-neues-leben.de\/?page_id=114#breadcrumb"},"inLanguage":"de","potentialAction":[{"@type":"ReadAction","target":["http:\/\/praxis-neues-leben.de\/?page_id=114"]}]},{"@type":"BreadcrumbList","@id":"http:\/\/praxis-neues-leben.de\/?page_id=114#breadcrumb","itemListElement":[{"@type":"ListItem","position":1,"name":"Startseite","item":"http:\/\/praxis-neues-leben.de\/"},{"@type":"ListItem","position":2,"name":"Wissenswertes"}]}]}},"_links":{"self":[{"href":"https:\/\/praxis-neues-leben.de\/index.php?rest_route=\/wp\/v2\/pages\/114"}],"collection":[{"href":"https:\/\/praxis-neues-leben.de\/index.php?rest_route=\/wp\/v2\/pages"}],"about":[{"href":"https:\/\/praxis-neues-leben.de\/index.php?rest_route=\/wp\/v2\/types\/page"}],"author":[{"embeddable":true,"href":"https:\/\/praxis-neues-leben.de\/index.php?rest_route=\/wp\/v2\/users\/1"}],"replies":[{"embeddable":true,"href":"https:\/\/praxis-neues-leben.de\/index.php?rest_route=%2Fwp%2Fv2%2Fcomments&post=114"}],"version-history":[{"count":5,"href":"https:\/\/praxis-neues-leben.de\/index.php?rest_route=\/wp\/v2\/pages\/114\/revisions"}],"predecessor-version":[{"id":308,"href":"https:\/\/praxis-neues-leben.de\/index.php?rest_route=\/wp\/v2\/pages\/114\/revisions\/308"}],"wp:attachment":[{"href":"https:\/\/praxis-neues-leben.de\/index.php?rest_route=%2Fwp%2Fv2%2Fmedia&parent=114"}],"curies":[{"name":"wp","href":"https:\/\/api.w.org\/{rel}","templated":true}]}}